{"id":392,"date":"2022-09-14T17:38:02","date_gmt":"2022-09-14T15:38:02","guid":{"rendered":"http:\/\/pohodakafe.cz\/?page_id=392"},"modified":"2026-04-22T14:45:35","modified_gmt":"2026-04-22T12:45:35","slug":"pohoda-3","status":"publish","type":"page","link":"https:\/\/pohodakafe.cz\/","title":{"rendered":"Pohoda"},"content":{"rendered":"\t\t<div data-elementor-type=\"wp-page\" data-elementor-id=\"392\" class=\"elementor elementor-392\" data-elementor-settings=\"[]\">\n\t\t\t\t\t\t\t<div class=\"elementor-section-wrap\">\n\t\t\t\t\t\t\t<section class=\"elementor-section elementor-top-section elementor-element elementor-element-e8afb4f elementor-section-boxed elementor-section-height-default elementor-section-height-default\" data-id=\"e8afb4f\" data-element_type=\"section\">\n\t\t\t\t\t\t<div class=\"elementor-container elementor-column-gap-default\">\n\t\t\t\t\t<div class=\"elementor-column elementor-col-100 elementor-top-column elementor-element elementor-element-f4f598a\" data-id=\"f4f598a\" data-element_type=\"column\">\n\t\t\t<div class=\"elementor-widget-wrap elementor-element-populated\">\n\t\t\t\t\t\t\t\t<div class=\"elementor-element elementor-element-8406693 elementor-widget elementor-widget-heading\" data-id=\"8406693\" data-element_type=\"widget\" data-widget_type=\"heading.default\">\n\t\t\t\t<div class=\"elementor-widget-container\">\n\t\t\t<h1 class=\"elementor-heading-title elementor-size-large\">V\u00edtejte v Pohod\u011b<\/h1>\t\t<\/div>\n\t\t\t\t<\/div>\n\t\t\t\t\t<\/div>\n\t\t<\/div>\n\t\t\t\t\t\t\t<\/div>\n\t\t<\/section>\n\t\t\t\t<section class=\"elementor-section elementor-top-section elementor-element elementor-element-6b60f23 elementor-section-boxed elementor-section-height-default elementor-section-height-default\" data-id=\"6b60f23\" data-element_type=\"section\">\n\t\t\t\t\t\t<div class=\"elementor-container elementor-column-gap-default\">\n\t\t\t\t\t<div class=\"elementor-column elementor-col-50 elementor-top-column elementor-element elementor-element-18c4e9e\" data-id=\"18c4e9e\" data-element_type=\"column\">\n\t\t\t<div class=\"elementor-widget-wrap elementor-element-populated\">\n\t\t\t\t\t\t\t\t<div class=\"elementor-element elementor-element-4d9a684 elementor-widget elementor-widget-text-editor\" data-id=\"4d9a684\" data-element_type=\"widget\" data-widget_type=\"text-editor.default\">\n\t\t\t\t<div class=\"elementor-widget-container\">\n\t\t\t\t\t\t\t<h2><em><strong>Pt\u00e1te se co je Pohoda? Odpov\u011bd\u011bli bychom v\u00e1m ot\u00e1zkou \u201eCo je pro v\u00e1s pohoda?\u201c Je to posezen\u00ed u dobr\u00e9 k\u00e1vy,\u00a0 je to sklenka lahodn\u00e9ho moravsk\u00e9ho v\u00edna\u00a0 s p\u0159\u00e1teli nebo snad dob\u0159e vychlazen\u00e9 to\u010den\u00e9 pivko se sousedy? Pokud jste si alespo\u0148 jednou odpov\u011bd\u011bli ano, pak nev\u00e1hejte a p\u0159ij\u010fte si u\u017e\u00edt tu svoji pohodu k n\u00e1m do Pohody.\u00a0<img decoding=\"async\" class=\"emoji\" role=\"img\" draggable=\"false\" src=\"https:\/\/s.w.org\/images\/core\/emoji\/14.0.0\/svg\/1f642.svg\" alt=\"\ud83d\ude42\" \/>\u00a0<\/strong><\/em><\/h2>\t\t\t\t\t\t<\/div>\n\t\t\t\t<\/div>\n\t\t\t\t\t<\/div>\n\t\t<\/div>\n\t\t\t\t<div class=\"elementor-column elementor-col-50 elementor-top-column elementor-element elementor-element-3d79829\" data-id=\"3d79829\" data-element_type=\"column\">\n\t\t\t<div class=\"elementor-widget-wrap elementor-element-populated\">\n\t\t\t\t\t\t\t\t<div class=\"elementor-element elementor-element-f09c555 elementor-widget elementor-widget-image\" data-id=\"f09c555\" data-element_type=\"widget\" data-widget_type=\"image.default\">\n\t\t\t\t<div class=\"elementor-widget-container\">\n\t\t\t\t\t\t\t\t\t\t\t\t\t\t\t<img loading=\"lazy\" decoding=\"async\" width=\"1024\" height=\"577\" src=\"https:\/\/pohodakafe.cz\/wp-content\/uploads\/2024\/02\/20230909_195333-1024x577.jpg\" class=\"attachment-large size-large\" alt=\"\" srcset=\"https:\/\/pohodakafe.cz\/wp-content\/uploads\/2024\/02\/20230909_195333-1024x577.jpg 1024w, https:\/\/pohodakafe.cz\/wp-content\/uploads\/2024\/02\/20230909_195333-300x169.jpg 300w, https:\/\/pohodakafe.cz\/wp-content\/uploads\/2024\/02\/20230909_195333-768x432.jpg 768w, https:\/\/pohodakafe.cz\/wp-content\/uploads\/2024\/02\/20230909_195333-1536x865.jpg 1536w, https:\/\/pohodakafe.cz\/wp-content\/uploads\/2024\/02\/20230909_195333.jpg 1618w\" sizes=\"auto, (max-width: 1024px) 100vw, 1024px\" \/>\t\t\t\t\t\t\t\t\t\t\t\t\t\t\t<\/div>\n\t\t\t\t<\/div>\n\t\t\t\t\t<\/div>\n\t\t<\/div>\n\t\t\t\t\t\t\t<\/div>\n\t\t<\/section>\n\t\t\t\t<section class=\"elementor-section elementor-top-section elementor-element elementor-element-5add0e2 elementor-section-boxed elementor-section-height-default elementor-section-height-default\" data-id=\"5add0e2\" data-element_type=\"section\">\n\t\t\t\t\t\t<div class=\"elementor-container elementor-column-gap-default\">\n\t\t\t\t\t<div class=\"elementor-column elementor-col-100 elementor-top-column elementor-element elementor-element-07f000a\" data-id=\"07f000a\" data-element_type=\"column\">\n\t\t\t<div class=\"elementor-widget-wrap elementor-element-populated\">\n\t\t\t\t\t\t\t\t<div class=\"elementor-element elementor-element-d3f4fba elementor-widget elementor-widget-heading\" data-id=\"d3f4fba\" data-element_type=\"widget\" data-widget_type=\"heading.default\">\n\t\t\t\t<div class=\"elementor-widget-container\">\n\t\t\t<h1 class=\"elementor-heading-title elementor-size-default\">AKTU\u00c1LN\u011a: T\u011b\u0161\u00edme se na v\u00e1s ka\u017ed\u00fd \u010dtvrtek a p\u00e1tek od 17hod.\n\n<\/h1>\t\t<\/div>\n\t\t\t\t<\/div>\n\t\t\t\t\t<\/div>\n\t\t<\/div>\n\t\t\t\t\t\t\t<\/div>\n\t\t<\/section>\n\t\t\t\t<section class=\"elementor-section elementor-top-section elementor-element elementor-element-b250647 elementor-section-boxed elementor-section-height-default elementor-section-height-default\" data-id=\"b250647\" data-element_type=\"section\">\n\t\t\t\t\t\t<div class=\"elementor-container elementor-column-gap-default\">\n\t\t\t\t\t<div class=\"elementor-column elementor-col-50 elementor-top-column elementor-element elementor-element-5006197\" data-id=\"5006197\" data-element_type=\"column\">\n\t\t\t<div class=\"elementor-widget-wrap elementor-element-populated\">\n\t\t\t\t\t\t\t\t<div class=\"elementor-element elementor-element-47a2c6f elementor-invisible elementor-widget elementor-widget-text-editor\" data-id=\"47a2c6f\" data-element_type=\"widget\" data-settings=\"{&quot;_animation&quot;:&quot;zoomIn&quot;}\" data-widget_type=\"text-editor.default\">\n\t\t\t\t<div class=\"elementor-widget-container\">\n\t\t\t\t\t\t\t<h2>P\u0159\u00ed\u0161t\u00ed t\u00fdden n\u00e1s \u010dek\u00e1 p\u00e1len\u00ed \u010darod\u011bjnic a prodlou\u017een\u00fd v\u00edkend, ktery v\u011b\u0159\u00edme vyu\u017eijete k relaxaci a odpo\u010dinku n\u011bkde mimo m\u011bsto.&nbsp;<\/h2>\n<h2>Pohoda tedy bude tak\u00e9 odpo\u010d\u00edvat:&nbsp;<\/h2>\n<h2><span style=\"font-size: 20px; font-weight: 600;\">30.4. &#8211; zav\u0159eno<\/span><\/h2>\n<h6><span style=\"font-size: 20px; font-weight: 600;\">1.5. &#8211; zav\u0159eno<\/span><\/h6>\n<h2>D\u011bkujeme za pochopen\u00ed \ud83d\ude09&nbsp;<\/h2>\t\t\t\t\t\t<\/div>\n\t\t\t\t<\/div>\n\t\t\t\t\t<\/div>\n\t\t<\/div>\n\t\t\t\t<div class=\"elementor-column elementor-col-50 elementor-top-column elementor-element elementor-element-424b4f4\" data-id=\"424b4f4\" data-element_type=\"column\">\n\t\t\t<div class=\"elementor-widget-wrap elementor-element-populated\">\n\t\t\t\t\t\t\t\t<div class=\"elementor-element elementor-element-12916ea elementor-widget elementor-widget-image\" data-id=\"12916ea\" data-element_type=\"widget\" data-widget_type=\"image.default\">\n\t\t\t\t<div class=\"elementor-widget-container\">\n\t\t\t\t\t\t\t\t\t\t\t\t\t\t\t<img loading=\"lazy\" decoding=\"async\" width=\"1024\" height=\"576\" src=\"https:\/\/pohodakafe.cz\/wp-content\/uploads\/2021\/10\/Uvnitr1-1024x576.jpg\" class=\"attachment-large size-large\" alt=\"\" srcset=\"https:\/\/pohodakafe.cz\/wp-content\/uploads\/2021\/10\/Uvnitr1-1024x576.jpg 1024w, https:\/\/pohodakafe.cz\/wp-content\/uploads\/2021\/10\/Uvnitr1-300x169.jpg 300w, https:\/\/pohodakafe.cz\/wp-content\/uploads\/2021\/10\/Uvnitr1-768x432.jpg 768w, https:\/\/pohodakafe.cz\/wp-content\/uploads\/2021\/10\/Uvnitr1-1536x863.jpg 1536w, https:\/\/pohodakafe.cz\/wp-content\/uploads\/2021\/10\/Uvnitr1.jpg 1633w\" sizes=\"auto, (max-width: 1024px) 100vw, 1024px\" \/>\t\t\t\t\t\t\t\t\t\t\t\t\t\t\t<\/div>\n\t\t\t\t<\/div>\n\t\t\t\t\t<\/div>\n\t\t<\/div>\n\t\t\t\t\t\t\t<\/div>\n\t\t<\/section>\n\t\t\t\t<section class=\"elementor-section elementor-top-section elementor-element elementor-element-ae9dabe elementor-section-boxed elementor-section-height-default elementor-section-height-default\" data-id=\"ae9dabe\" data-element_type=\"section\">\n\t\t\t\t\t\t<div class=\"elementor-container elementor-column-gap-default\">\n\t\t\t\t\t<div class=\"elementor-column elementor-col-33 elementor-top-column elementor-element elementor-element-b2ce5bf\" data-id=\"b2ce5bf\" data-element_type=\"column\">\n\t\t\t<div class=\"elementor-widget-wrap elementor-element-populated\">\n\t\t\t\t\t\t\t\t<div class=\"elementor-element elementor-element-8b2e60e elementor-widget elementor-widget-image\" data-id=\"8b2e60e\" data-element_type=\"widget\" data-widget_type=\"image.default\">\n\t\t\t\t<div class=\"elementor-widget-container\">\n\t\t\t\t\t\t\t\t\t\t\t\t\t\t\t\t<a href=\"https:\/\/www.firmy.cz\/detail\/13342889-pohoda-mlada-boleslav.html#pridat-hodnoceni\">\n\t\t\t\t\t\t\t<img loading=\"lazy\" decoding=\"async\" width=\"225\" height=\"300\" src=\"https:\/\/pohodakafe.cz\/wp-content\/uploads\/2024\/03\/mapy-2024_511x680_4-9gf-225x300.png\" class=\"attachment-medium size-medium\" alt=\"\" srcset=\"https:\/\/pohodakafe.cz\/wp-content\/uploads\/2024\/03\/mapy-2024_511x680_4-9gf-225x300.png 225w, https:\/\/pohodakafe.cz\/wp-content\/uploads\/2024\/03\/mapy-2024_511x680_4-9gf.png 511w\" sizes=\"auto, (max-width: 225px) 100vw, 225px\" \/>\t\t\t\t\t\t\t\t<\/a>\n\t\t\t\t\t\t\t\t\t\t\t\t\t\t\t<\/div>\n\t\t\t\t<\/div>\n\t\t\t\t\t<\/div>\n\t\t<\/div>\n\t\t\t\t<div class=\"elementor-column elementor-col-33 elementor-top-column elementor-element elementor-element-98b9690\" data-id=\"98b9690\" data-element_type=\"column\">\n\t\t\t<div class=\"elementor-widget-wrap elementor-element-populated\">\n\t\t\t\t\t\t\t\t<div class=\"elementor-element elementor-element-545a51b elementor-widget elementor-widget-heading\" data-id=\"545a51b\" data-element_type=\"widget\" data-widget_type=\"heading.default\">\n\t\t\t\t<div class=\"elementor-widget-container\">\n\t\t\t<h2 class=\"elementor-heading-title elementor-size-default\"><a target=\"_blank\" href=\"https:\/\/www.firmy.cz\/detail\/13342889-pohoda-mlada-boleslav.html#pridat-hodnoceni\">Ohodno\u0165te n\u00e1s na Firmy.cz<\/a><\/h2>\t\t<\/div>\n\t\t\t\t<\/div>\n\t\t\t\t<div class=\"elementor-element elementor-element-98b8b61 elementor-widget elementor-widget-image\" data-id=\"98b8b61\" data-element_type=\"widget\" data-widget_type=\"image.default\">\n\t\t\t\t<div class=\"elementor-widget-container\">\n\t\t\t\t\t\t\t\t\t\t\t\t\t\t\t\t<a href=\"https:\/\/www.firmy.cz\/detail\/13342889-pohoda-mlada-boleslav.html#pridat-hodnoceni\">\n\t\t\t\t\t\t\t<img loading=\"lazy\" decoding=\"async\" width=\"240\" height=\"300\" src=\"https:\/\/pohodakafe.cz\/wp-content\/uploads\/2025\/09\/Screenshot-2025-09-16-172015a-240x300.png\" class=\"attachment-medium size-medium\" alt=\"\" srcset=\"https:\/\/pohodakafe.cz\/wp-content\/uploads\/2025\/09\/Screenshot-2025-09-16-172015a-240x300.png 240w, https:\/\/pohodakafe.cz\/wp-content\/uploads\/2025\/09\/Screenshot-2025-09-16-172015a.png 567w\" sizes=\"auto, (max-width: 240px) 100vw, 240px\" \/>\t\t\t\t\t\t\t\t<\/a>\n\t\t\t\t\t\t\t\t\t\t\t\t\t\t\t<\/div>\n\t\t\t\t<\/div>\n\t\t\t\t<div class=\"elementor-element elementor-element-c8548f3 elementor-widget elementor-widget-heading\" data-id=\"c8548f3\" data-element_type=\"widget\" data-widget_type=\"heading.default\">\n\t\t\t\t<div class=\"elementor-widget-container\">\n\t\t\t<h1 class=\"elementor-heading-title elementor-size-default\">MOC V\u00c1M D\u011aKUJEME!!!<\/h1>\t\t<\/div>\n\t\t\t\t<\/div>\n\t\t\t\t\t<\/div>\n\t\t<\/div>\n\t\t\t\t<div class=\"elementor-column elementor-col-33 elementor-top-column elementor-element elementor-element-4a10c8c\" data-id=\"4a10c8c\" data-element_type=\"column\">\n\t\t\t<div class=\"elementor-widget-wrap\">\n\t\t\t\t\t\t\t\t\t<\/div>\n\t\t<\/div>\n\t\t\t\t\t\t\t<\/div>\n\t\t<\/section>\n\t\t\t\t\t\t<\/div>\n\t\t\t\t\t<\/div>\n\t\t","protected":false},"excerpt":{"rendered":"<p>V\u00edtejte v Pohod\u011b Pt\u00e1te se co je Pohoda? Odpov\u011bd\u011bli bychom v\u00e1m ot\u00e1zkou \u201eCo je pro v\u00e1s pohoda?\u201c Je to posezen\u00ed u dobr\u00e9 k\u00e1vy,\u00a0 je to sklenka lahodn\u00e9ho moravsk\u00e9ho v\u00edna\u00a0 s p\u0159\u00e1teli nebo snad dob\u0159e vychlazen\u00e9 to\u010den\u00e9 pivko se sousedy? Pokud jste si alespo\u0148 jednou odpov\u011bd\u011bli ano, pak nev\u00e1hejte a p\u0159ij\u010fte si u\u017e\u00edt tu svoji pohodu [&hellip;]<\/p>\n","protected":false},"author":1,"featured_media":0,"parent":0,"menu_order":0,"comment_status":"closed","ping_status":"closed","template":"","meta":{"footnotes":""},"class_list":["post-392","page","type-page","status-publish","hentry","entry"],"_links":{"self":[{"href":"https:\/\/pohodakafe.cz\/index.php\/wp-json\/wp\/v2\/pages\/392","targetHints":{"allow":["GET"]}}],"collection":[{"href":"https:\/\/pohodakafe.cz\/index.php\/wp-json\/wp\/v2\/pages"}],"about":[{"href":"https:\/\/pohodakafe.cz\/index.php\/wp-json\/wp\/v2\/types\/page"}],"author":[{"embeddable":true,"href":"https:\/\/pohodakafe.cz\/index.php\/wp-json\/wp\/v2\/users\/1"}],"replies":[{"embeddable":true,"href":"https:\/\/pohodakafe.cz\/index.php\/wp-json\/wp\/v2\/comments?post=392"}],"version-history":[{"count":660,"href":"https:\/\/pohodakafe.cz\/index.php\/wp-json\/wp\/v2\/pages\/392\/revisions"}],"predecessor-version":[{"id":1195,"href":"https:\/\/pohodakafe.cz\/index.php\/wp-json\/wp\/v2\/pages\/392\/revisions\/1195"}],"wp:attachment":[{"href":"https:\/\/pohodakafe.cz\/index.php\/wp-json\/wp\/v2\/media?parent=392"}],"curies":[{"name":"wp","href":"https:\/\/api.w.org\/{rel}","templated":true}]}}