{"id":338,"date":"2022-08-10T14:26:20","date_gmt":"2022-08-10T12:26:20","guid":{"rendered":"http:\/\/pohodakafe.cz\/?page_id=338"},"modified":"2023-03-03T11:35:38","modified_gmt":"2023-03-03T10:35:38","slug":"slavnosti","status":"publish","type":"page","link":"https:\/\/pohodakafe.cz\/index.php\/slavnosti\/","title":{"rendered":"V\u00edna"},"content":{"rendered":"\t\t<div data-elementor-type=\"wp-page\" data-elementor-id=\"338\" class=\"elementor elementor-338\" data-elementor-settings=\"[]\">\n\t\t\t\t\t\t\t<div class=\"elementor-section-wrap\">\n\t\t\t\t\t\t\t<section class=\"elementor-section elementor-top-section elementor-element elementor-element-14991b9 elementor-section-boxed elementor-section-height-default elementor-section-height-default\" data-id=\"14991b9\" data-element_type=\"section\">\n\t\t\t\t\t\t<div class=\"elementor-container elementor-column-gap-default\">\n\t\t\t\t\t<div class=\"elementor-column elementor-col-100 elementor-top-column elementor-element elementor-element-debeff9\" data-id=\"debeff9\" data-element_type=\"column\">\n\t\t\t<div class=\"elementor-widget-wrap elementor-element-populated\">\n\t\t\t\t\t\t\t\t<div class=\"elementor-element elementor-element-2db4fdc elementor-widget elementor-widget-heading\" data-id=\"2db4fdc\" data-element_type=\"widget\" data-widget_type=\"heading.default\">\n\t\t\t\t<div class=\"elementor-widget-container\">\n\t\t\t<h2 class=\"elementor-heading-title elementor-size-default\">Nab\u00eddka v\u00edna<\/h2>\t\t<\/div>\n\t\t\t\t<\/div>\n\t\t\t\t\t<\/div>\n\t\t<\/div>\n\t\t\t\t\t\t\t<\/div>\n\t\t<\/section>\n\t\t\t\t<section class=\"elementor-section elementor-top-section elementor-element elementor-element-6e79d33 elementor-section-boxed elementor-section-height-default elementor-section-height-default\" data-id=\"6e79d33\" data-element_type=\"section\">\n\t\t\t\t\t\t<div class=\"elementor-container elementor-column-gap-default\">\n\t\t\t\t\t<div class=\"elementor-column elementor-col-100 elementor-top-column elementor-element elementor-element-ef9c235\" data-id=\"ef9c235\" data-element_type=\"column\">\n\t\t\t<div class=\"elementor-widget-wrap elementor-element-populated\">\n\t\t\t\t\t\t\t\t<div class=\"elementor-element elementor-element-65cc9da elementor-widget elementor-widget-text-editor\" data-id=\"65cc9da\" data-element_type=\"widget\" data-widget_type=\"text-editor.default\">\n\t\t\t\t<div class=\"elementor-widget-container\">\n\t\t\t\t\t\t\t<h4>V na\u0161\u00ed Pohod\u011b m\u00e1te mo\u017enost ochutnat odr\u016fdov\u00e1 moravsk\u00e1 v\u00edna z regionu Slov\u00e1cko, konkr\u00e9tn\u011b v\u00edna z Mut\u011bnick\u00fdch str\u00e1n\u00ed. Jsou to v\u00edna, kter\u00e1 byla vyrobena a zr\u00e1la v mut\u011bnick\u00fdch b\u00fad\u00e1ch, jak se zde naz\u00fdvaj\u00ed vinn\u00e9 skl\u00edpky. Jejich po\u010det na \u010dtvere\u010dn\u00fd kilometr je nejv\u011bt\u0161\u00ed v Evrop\u011b.\u00a0<\/h4><h4>V\u0161echna nab\u00edzen\u00e1 v\u00edna dob\u0159e zn\u00e1me a r\u00e1di v\u00e1m porad\u00edme s v\u00fdb\u011brem toho pr\u00e1v\u00e9ho.<\/h4>\t\t\t\t\t\t<\/div>\n\t\t\t\t<\/div>\n\t\t\t\t\t<\/div>\n\t\t<\/div>\n\t\t\t\t\t\t\t<\/div>\n\t\t<\/section>\n\t\t\t\t\t\t<\/div>\n\t\t\t\t\t<\/div>\n\t\t","protected":false},"excerpt":{"rendered":"<p>Nab\u00eddka v\u00edna V na\u0161\u00ed Pohod\u011b m\u00e1te mo\u017enost ochutnat odr\u016fdov\u00e1 moravsk\u00e1 v\u00edna z regionu Slov\u00e1cko, konkr\u00e9tn\u011b v\u00edna z Mut\u011bnick\u00fdch str\u00e1n\u00ed. Jsou to v\u00edna, kter\u00e1 byla vyrobena a zr\u00e1la v mut\u011bnick\u00fdch b\u00fad\u00e1ch, jak se zde naz\u00fdvaj\u00ed vinn\u00e9 skl\u00edpky. Jejich po\u010det na \u010dtvere\u010dn\u00fd kilometr je nejv\u011bt\u0161\u00ed v Evrop\u011b.&nbsp; V\u0161echna nab\u00edzen\u00e1 v\u00edna dob\u0159e zn\u00e1me a r\u00e1di v\u00e1m porad\u00edme s [&hellip;]<\/p>\n","protected":false},"author":1,"featured_media":0,"parent":0,"menu_order":0,"comment_status":"closed","ping_status":"closed","template":"","meta":{"footnotes":""},"class_list":["post-338","page","type-page","status-publish","hentry","entry"],"_links":{"self":[{"href":"https:\/\/pohodakafe.cz\/index.php\/wp-json\/wp\/v2\/pages\/338","targetHints":{"allow":["GET"]}}],"collection":[{"href":"https:\/\/pohodakafe.cz\/index.php\/wp-json\/wp\/v2\/pages"}],"about":[{"href":"https:\/\/pohodakafe.cz\/index.php\/wp-json\/wp\/v2\/types\/page"}],"author":[{"embeddable":true,"href":"https:\/\/pohodakafe.cz\/index.php\/wp-json\/wp\/v2\/users\/1"}],"replies":[{"embeddable":true,"href":"https:\/\/pohodakafe.cz\/index.php\/wp-json\/wp\/v2\/comments?post=338"}],"version-history":[{"count":8,"href":"https:\/\/pohodakafe.cz\/index.php\/wp-json\/wp\/v2\/pages\/338\/revisions"}],"predecessor-version":[{"id":536,"href":"https:\/\/pohodakafe.cz\/index.php\/wp-json\/wp\/v2\/pages\/338\/revisions\/536"}],"wp:attachment":[{"href":"https:\/\/pohodakafe.cz\/index.php\/wp-json\/wp\/v2\/media?parent=338"}],"curies":[{"name":"wp","href":"https:\/\/api.w.org\/{rel}","templated":true}]}}