{"id":28,"date":"2021-06-30T15:38:35","date_gmt":"2021-06-30T13:38:35","guid":{"rendered":"http:\/\/pohodakafe.cz\/?page_id=28"},"modified":"2024-06-14T09:09:52","modified_gmt":"2024-06-14T07:09:52","slug":"oteviraci_doba","status":"publish","type":"page","link":"https:\/\/pohodakafe.cz\/index.php\/oteviraci_doba\/","title":{"rendered":"Oteviraci doba"},"content":{"rendered":"\t\t<div data-elementor-type=\"wp-page\" data-elementor-id=\"28\" class=\"elementor elementor-28\" data-elementor-settings=\"[]\">\n\t\t\t\t\t\t\t<div class=\"elementor-section-wrap\">\n\t\t\t\t\t\t\t<section class=\"elementor-section elementor-top-section elementor-element elementor-element-8962e3d elementor-section-boxed elementor-section-height-default elementor-section-height-default\" data-id=\"8962e3d\" data-element_type=\"section\">\n\t\t\t\t\t\t<div class=\"elementor-container elementor-column-gap-default\">\n\t\t\t\t\t<div class=\"elementor-column elementor-col-100 elementor-top-column elementor-element elementor-element-cce7187\" data-id=\"cce7187\" data-element_type=\"column\">\n\t\t\t<div class=\"elementor-widget-wrap\">\n\t\t\t\t\t\t\t\t\t<\/div>\n\t\t<\/div>\n\t\t\t\t\t\t\t<\/div>\n\t\t<\/section>\n\t\t\t\t<section class=\"elementor-section elementor-top-section elementor-element elementor-element-d4650b0 elementor-section-boxed elementor-section-height-default elementor-section-height-default\" data-id=\"d4650b0\" data-element_type=\"section\">\n\t\t\t\t\t\t<div class=\"elementor-container elementor-column-gap-default\">\n\t\t\t\t\t<div class=\"elementor-column elementor-col-100 elementor-top-column elementor-element elementor-element-29d805e\" data-id=\"29d805e\" data-element_type=\"column\">\n\t\t\t<div class=\"elementor-widget-wrap\">\n\t\t\t\t\t\t\t\t\t<\/div>\n\t\t<\/div>\n\t\t\t\t\t\t\t<\/div>\n\t\t<\/section>\n\t\t\t\t<section class=\"elementor-section elementor-top-section elementor-element elementor-element-8880a35 elementor-section-boxed elementor-section-height-default elementor-section-height-default\" data-id=\"8880a35\" data-element_type=\"section\">\n\t\t\t\t\t\t<div class=\"elementor-container elementor-column-gap-default\">\n\t\t\t\t\t<div class=\"elementor-column elementor-col-100 elementor-top-column elementor-element elementor-element-724f4fb\" data-id=\"724f4fb\" data-element_type=\"column\">\n\t\t\t<div class=\"elementor-widget-wrap elementor-element-populated\">\n\t\t\t\t\t\t\t\t<div class=\"elementor-element elementor-element-51dd7a8 elementor-widget elementor-widget-heading\" data-id=\"51dd7a8\" data-element_type=\"widget\" data-widget_type=\"heading.default\">\n\t\t\t\t<div class=\"elementor-widget-container\">\n\t\t\t<h2 class=\"elementor-heading-title elementor-size-default\">\n\nKdy jsme v  Pohod\u011b<\/h2>\t\t<\/div>\n\t\t\t\t<\/div>\n\t\t\t\t\t<\/div>\n\t\t<\/div>\n\t\t\t\t\t\t\t<\/div>\n\t\t<\/section>\n\t\t\t\t<section class=\"elementor-section elementor-top-section elementor-element elementor-element-c624876 elementor-section-boxed elementor-section-height-default elementor-section-height-default\" data-id=\"c624876\" data-element_type=\"section\">\n\t\t\t\t\t\t<div class=\"elementor-container elementor-column-gap-default\">\n\t\t\t\t\t<div class=\"elementor-column elementor-col-33 elementor-top-column elementor-element elementor-element-e1b4dd3\" data-id=\"e1b4dd3\" data-element_type=\"column\">\n\t\t\t<div class=\"elementor-widget-wrap\">\n\t\t\t\t\t\t\t\t\t<\/div>\n\t\t<\/div>\n\t\t\t\t<div class=\"elementor-column elementor-col-33 elementor-top-column elementor-element elementor-element-d289fde\" data-id=\"d289fde\" data-element_type=\"column\">\n\t\t\t<div class=\"elementor-widget-wrap elementor-element-populated\">\n\t\t\t\t\t\t\t\t<div class=\"elementor-element elementor-element-d46c656 elementor-widget elementor-widget-text-editor\" data-id=\"d46c656\" data-element_type=\"widget\" data-widget_type=\"text-editor.default\">\n\t\t\t\t<div class=\"elementor-widget-container\">\n\t\t\t\t\t\t\t<table style=\"height: 282px;\" width=\"428\">\n<tbody>\n<tr>\n<td width=\"88\">\n<h2><b>Pond\u011bl\u00ed<\/b><\/h2>\n<\/td>\n<td width=\"242\">\n<h2><b>Nejsme \ud83d\ude41<\/b><\/h2>\n<\/td>\n<\/tr>\n<tr>\n<td>\n<h2><b>\u00dater\u00fd<\/b><\/h2>\n<\/td>\n<td>\n<h2><b>Zat\u00edm ne nebo dle dohody<\/b><\/h2>\n<\/td>\n<\/tr>\n<tr>\n<td>\n<h2><b>St\u0159eda<\/b><\/h2>\n<\/td>\n<td>\n<h2><b>Zat\u00edm ne nebo dle dohody<\/b><\/h2>\n<\/td>\n<\/tr>\n<tr>\n<td>\n<h2><b>\u010ctvrtek<\/b><\/h2>\n<\/td>\n<td>\n<h2><b>Jsme od 17 hod nebo dle dohody<\/b><\/h2>\n<\/td>\n<\/tr>\n<tr>\n<td>\n<h2><b>P\u00e1tek<\/b><\/h2>\n<\/td>\n<td>\n<h2><b>Jsme od 17 hod nebo dle dohody<\/b><\/h2>\n<\/td>\n<\/tr>\n<tr>\n<td>\n<h2><b>Sobota&nbsp;<\/b><\/h2>\n<\/td>\n<td>\n<h2><b>Pouze p\u0159edem dohodnut\u00e9 akce<\/b><\/h2>\n<\/td>\n<\/tr>\n<tr>\n<td>\n<h2><b>Ned\u011ble&nbsp;<\/b><\/h2>\n<\/td>\n<td>\n<h2><b>Nejsme \ud83d\ude41<\/b><\/h2>\n<\/td>\n<\/tr>\n<\/tbody>\n<\/table>\t\t\t\t\t\t<\/div>\n\t\t\t\t<\/div>\n\t\t\t\t\t<\/div>\n\t\t<\/div>\n\t\t\t\t<div class=\"elementor-column elementor-col-33 elementor-top-column elementor-element elementor-element-b4b8950\" data-id=\"b4b8950\" data-element_type=\"column\">\n\t\t\t<div class=\"elementor-widget-wrap\">\n\t\t\t\t\t\t\t\t\t<\/div>\n\t\t<\/div>\n\t\t\t\t\t\t\t<\/div>\n\t\t<\/section>\n\t\t\t\t<section class=\"elementor-section elementor-top-section elementor-element elementor-element-e8440b7 elementor-section-boxed elementor-section-height-default elementor-section-height-default\" data-id=\"e8440b7\" data-element_type=\"section\">\n\t\t\t\t\t\t<div class=\"elementor-container elementor-column-gap-default\">\n\t\t\t\t\t<div class=\"elementor-column elementor-col-100 elementor-top-column elementor-element elementor-element-cf8f5d1\" data-id=\"cf8f5d1\" data-element_type=\"column\">\n\t\t\t<div class=\"elementor-widget-wrap elementor-element-populated\">\n\t\t\t\t\t\t\t\t<div class=\"elementor-element elementor-element-be9a1d3 elementor-widget elementor-widget-text-editor\" data-id=\"be9a1d3\" data-element_type=\"widget\" data-widget_type=\"text-editor.default\">\n\t\t\t\t<div class=\"elementor-widget-container\">\n\t\t\t\t\t\t\t\t\t\t\t\t\t<\/div>\n\t\t\t\t<\/div>\n\t\t\t\t\t<\/div>\n\t\t<\/div>\n\t\t\t\t\t\t\t<\/div>\n\t\t<\/section>\n\t\t\t\t<section class=\"elementor-section elementor-top-section elementor-element elementor-element-4f00f16 elementor-section-boxed elementor-section-height-default elementor-section-height-default\" data-id=\"4f00f16\" data-element_type=\"section\">\n\t\t\t\t\t\t<div class=\"elementor-container elementor-column-gap-default\">\n\t\t\t\t\t<div class=\"elementor-column elementor-col-100 elementor-top-column elementor-element elementor-element-06148b3\" data-id=\"06148b3\" data-element_type=\"column\">\n\t\t\t<div class=\"elementor-widget-wrap\">\n\t\t\t\t\t\t\t\t\t<\/div>\n\t\t<\/div>\n\t\t\t\t\t\t\t<\/div>\n\t\t<\/section>\n\t\t\t\t\t\t<\/div>\n\t\t\t\t\t<\/div>\n\t\t","protected":false},"excerpt":{"rendered":"<p>Kdy jsme v Pohod\u011b Pond\u011bl\u00ed Nejsme \ud83d\ude41 \u00dater\u00fd Zat\u00edm ne nebo dle dohody St\u0159eda Zat\u00edm ne nebo dle dohody \u010ctvrtek Jsme od 17 hod nebo dle dohody P\u00e1tek Jsme od 17 hod nebo dle dohody Sobota&nbsp; Pouze p\u0159edem dohodnut\u00e9 akce Ned\u011ble&nbsp; Nejsme \ud83d\ude41<\/p>\n","protected":false},"author":1,"featured_media":0,"parent":0,"menu_order":0,"comment_status":"closed","ping_status":"closed","template":"","meta":{"footnotes":""},"class_list":["post-28","page","type-page","status-publish","hentry","entry"],"_links":{"self":[{"href":"https:\/\/pohodakafe.cz\/index.php\/wp-json\/wp\/v2\/pages\/28","targetHints":{"allow":["GET"]}}],"collection":[{"href":"https:\/\/pohodakafe.cz\/index.php\/wp-json\/wp\/v2\/pages"}],"about":[{"href":"https:\/\/pohodakafe.cz\/index.php\/wp-json\/wp\/v2\/types\/page"}],"author":[{"embeddable":true,"href":"https:\/\/pohodakafe.cz\/index.php\/wp-json\/wp\/v2\/users\/1"}],"replies":[{"embeddable":true,"href":"https:\/\/pohodakafe.cz\/index.php\/wp-json\/wp\/v2\/comments?post=28"}],"version-history":[{"count":72,"href":"https:\/\/pohodakafe.cz\/index.php\/wp-json\/wp\/v2\/pages\/28\/revisions"}],"predecessor-version":[{"id":923,"href":"https:\/\/pohodakafe.cz\/index.php\/wp-json\/wp\/v2\/pages\/28\/revisions\/923"}],"wp:attachment":[{"href":"https:\/\/pohodakafe.cz\/index.php\/wp-json\/wp\/v2\/media?parent=28"}],"curies":[{"name":"wp","href":"https:\/\/api.w.org\/{rel}","templated":true}]}}